{"id":1179,"date":"2023-11-05T12:22:18","date_gmt":"2023-11-05T12:22:18","guid":{"rendered":"https:\/\/fbc-dz.com\/?post_type=product&#038;p=1179"},"modified":"2023-11-09T09:27:10","modified_gmt":"2023-11-09T09:27:10","slug":"kyocera-taskalfa-3212i","status":"publish","type":"product","link":"https:\/\/fbc-dz.com\/ar\/product\/kyocera-taskalfa-3212i\/","title":{"rendered":"Kyocera TASKalfa 3212i"},"content":{"rendered":"","protected":false},"excerpt":{"rendered":"<p><strong>\u00a0<\/strong><\/p>\n<table>\n<tbody>\n<tr>\n<td>Poids<\/td>\n<td>59 kg<\/td>\n<\/tr>\n<tr>\n<td>Technologie d&rsquo;impression<\/td>\n<td>Laser (monochrome)<\/td>\n<\/tr>\n<tr>\n<td>Dimensions (LxPxH)<\/td>\n<td>59.4 cm x 69.6 cm x 68.3 cm<\/td>\n<\/tr>\n<tr>\n<td>Type de p\u00e9riph\u00e9rique<\/td>\n<td>Imprimante multifonctions<\/td>\n<\/tr>\n<tr>\n<td>R\u00e9solution de reproduction maximale<\/td>\n<td>Jusqu&rsquo;\u00e0 600 x 600 ppp<\/td>\n<\/tr>\n<tr>\n<td>Vitesse d&rsquo;impression max.<\/td>\n<td>Jusqu&rsquo;\u00e0 32 ppm<\/td>\n<\/tr>\n<tr>\n<td>R\u00e9solution d&rsquo;impression maximale<\/td>\n<td>Jusqu&rsquo;\u00e0 1200 x 1200 ppp<\/td>\n<\/tr>\n<tr>\n<td>Taille initiale<\/td>\n<td>A3 (297 x 420 mm) (maximum)<\/td>\n<\/tr>\n<tr>\n<td>Taille du support<\/td>\n<td>A6 (105 x 148 mm) (min.) &#8211; A3 (297 x 420 mm) (maximum)<\/td>\n<\/tr>\n<tr>\n<td>Capacit\u00e9 de support standard<\/td>\n<td>1100 feuilles<\/td>\n<\/tr>\n<tr>\n<td>Fonctions de l&rsquo;article de bureau<\/td>\n<td>Num\u00e9risation vers e-mail, plateforme HyPAS (Hybrid Platform for Advanced Solutions), impression Confidentiel, num\u00e9risation vers FTP, num\u00e9risation vers SMB, scan vers h\u00f4te USB, scan vers bo\u00eetier, m\u00e9moire flash int\u00e9gr\u00e9e de 32 Go<\/td>\n<\/tr>\n<tr>\n<td><\/td>\n<td><\/td>\n<\/tr>\n<tr>\n<td>Type de supports<\/td>\n<td>Papier uni<\/td>\n<\/tr>\n<tr>\n<td>Capacit\u00e9 max. du support<\/td>\n<td>4100 feuilles<\/td>\n<\/tr>\n<\/tbody>\n<\/table>","protected":false},"featured_media":1510,"template":"","meta":[],"product_cat":[15,135],"product_tag":[],"acf":[],"_links":{"self":[{"href":"https:\/\/fbc-dz.com\/ar\/wp-json\/wp\/v2\/product\/1179"}],"collection":[{"href":"https:\/\/fbc-dz.com\/ar\/wp-json\/wp\/v2\/product"}],"about":[{"href":"https:\/\/fbc-dz.com\/ar\/wp-json\/wp\/v2\/types\/product"}],"wp:featuredmedia":[{"embeddable":true,"href":"https:\/\/fbc-dz.com\/ar\/wp-json\/wp\/v2\/media\/1510"}],"wp:attachment":[{"href":"https:\/\/fbc-dz.com\/ar\/wp-json\/wp\/v2\/media?parent=1179"}],"wp:term":[{"taxonomy":"product_cat","embeddable":true,"href":"https:\/\/fbc-dz.com\/ar\/wp-json\/wp\/v2\/product_cat?post=1179"},{"taxonomy":"product_tag","embeddable":true,"href":"https:\/\/fbc-dz.com\/ar\/wp-json\/wp\/v2\/product_tag?post=1179"}],"curies":[{"name":"wp","href":"https:\/\/api.w.org\/{rel}","templated":true}]}}