{"id":1197,"date":"2023-11-05T14:10:55","date_gmt":"2023-11-05T14:10:55","guid":{"rendered":"https:\/\/fbc-dz.com\/?post_type=product&#038;p=1197"},"modified":"2023-11-09T08:25:36","modified_gmt":"2023-11-09T08:25:36","slug":"panasonic-kx-ts500","status":"publish","type":"product","link":"https:\/\/fbc-dz.com\/ar\/product\/panasonic-kx-ts500\/","title":{"rendered":"PANASONIC KX-TS500"},"content":{"rendered":"","protected":false},"excerpt":{"rendered":"<p><span lang=\"FR\">Les t\u00e9l\u00e9phones analogiques Panasonic se <strong>connectent directement \u00e0 une ligne analogique<\/strong> de la soci\u00e9t\u00e9 de votre choix.<\/span><\/p>\n<p><span lang=\"FR\">Le Panasonic KX-TS500 est<strong> tr\u00e8s \u00e9conomique<\/strong> et dispose des fonctions de communication de base. Son<strong> design sobre<\/strong> convient \u00e0 toutes les d\u00e9corations et dispositions de bureau.<\/span><\/p>\n<p><span lang=\"FR\">Ce t\u00e9l\u00e9phone Panasonic est \u00e9galement disponible en blanc.<\/span><\/p>","protected":false},"featured_media":1501,"template":"","meta":[],"product_cat":[134,17],"product_tag":[],"acf":[],"_links":{"self":[{"href":"https:\/\/fbc-dz.com\/ar\/wp-json\/wp\/v2\/product\/1197"}],"collection":[{"href":"https:\/\/fbc-dz.com\/ar\/wp-json\/wp\/v2\/product"}],"about":[{"href":"https:\/\/fbc-dz.com\/ar\/wp-json\/wp\/v2\/types\/product"}],"wp:featuredmedia":[{"embeddable":true,"href":"https:\/\/fbc-dz.com\/ar\/wp-json\/wp\/v2\/media\/1501"}],"wp:attachment":[{"href":"https:\/\/fbc-dz.com\/ar\/wp-json\/wp\/v2\/media?parent=1197"}],"wp:term":[{"taxonomy":"product_cat","embeddable":true,"href":"https:\/\/fbc-dz.com\/ar\/wp-json\/wp\/v2\/product_cat?post=1197"},{"taxonomy":"product_tag","embeddable":true,"href":"https:\/\/fbc-dz.com\/ar\/wp-json\/wp\/v2\/product_tag?post=1197"}],"curies":[{"name":"wp","href":"https:\/\/api.w.org\/{rel}","templated":true}]}}