{"id":1535,"date":"2023-11-10T11:39:38","date_gmt":"2023-11-10T11:39:38","guid":{"rendered":"https:\/\/fbc-dz.com\/?post_type=product&#038;p=1535"},"modified":"2023-11-10T15:00:31","modified_gmt":"2023-11-10T15:00:31","slug":"ecosys-m4125idn","status":"publish","type":"product","link":"https:\/\/fbc-dz.com\/ar\/product\/ecosys-m4125idn\/","title":{"rendered":"ECOSYS M4125idn"},"content":{"rendered":"","protected":false},"excerpt":{"rendered":"<ul class=\"l-product-information__list c-list\">\n<li class=\"l-product-information__list-item c-list__item\">ECOSYS : composants longue dur\u00e9e de vie offrant une efficacit\u00e9 et une fiabilit\u00e9 exceptionnelles, tout en g\u00e9n\u00e9rant moins de d\u00e9chets<\/li>\n<li class=\"l-product-information__list-item c-list__item\">Rapidit\u00e9 d\u2019impression : jusqu\u2019\u00e0 25\/12 pages A4\/A3 par minute<\/li>\n<li class=\"l-product-information__list-item c-list__item\">Qualit\u00e9 d\u2019impression : 1200 x 1200 dpi<\/li>\n<li class=\"l-product-information__list-item c-list__item\">Ecran tactile couleur intuitif : 4,3 pouces compatible avec un clavier<\/li>\n<li class=\"l-product-information__list-item c-list__item\">Bluetooth et avec la plateforme de solutions d\u2019impression HyPAS<\/li>\n<li class=\"l-product-information__list-item c-list__item\">Connectivit\u00e9s : compatible NFC (option carte Wifi IB-36 obligatoire) et avec l\u2019impression mobile<\/li>\n<li class=\"l-product-information__list-item c-list__item\">Faible consommation d\u2019\u00e9nergie : gr\u00e2ce au chauffage par induction, elle ne consomme que 0,5 W en mode veille<\/li>\n<li class=\"l-product-information__list-item c-list__item\">Toner noir de d\u00e9marrage de 3 000 pages<\/li>\n<\/ul>","protected":false},"featured_media":1536,"template":"","meta":[],"product_cat":[15,137,127],"product_tag":[],"acf":[],"_links":{"self":[{"href":"https:\/\/fbc-dz.com\/ar\/wp-json\/wp\/v2\/product\/1535"}],"collection":[{"href":"https:\/\/fbc-dz.com\/ar\/wp-json\/wp\/v2\/product"}],"about":[{"href":"https:\/\/fbc-dz.com\/ar\/wp-json\/wp\/v2\/types\/product"}],"wp:featuredmedia":[{"embeddable":true,"href":"https:\/\/fbc-dz.com\/ar\/wp-json\/wp\/v2\/media\/1536"}],"wp:attachment":[{"href":"https:\/\/fbc-dz.com\/ar\/wp-json\/wp\/v2\/media?parent=1535"}],"wp:term":[{"taxonomy":"product_cat","embeddable":true,"href":"https:\/\/fbc-dz.com\/ar\/wp-json\/wp\/v2\/product_cat?post=1535"},{"taxonomy":"product_tag","embeddable":true,"href":"https:\/\/fbc-dz.com\/ar\/wp-json\/wp\/v2\/product_tag?post=1535"}],"curies":[{"name":"wp","href":"https:\/\/api.w.org\/{rel}","templated":true}]}}