{"id":1867,"date":"2025-02-16T09:37:26","date_gmt":"2025-02-16T09:37:26","guid":{"rendered":"https:\/\/fbc-dz.com\/?post_type=product&#038;p=1867"},"modified":"2025-02-16T09:37:26","modified_gmt":"2025-02-16T09:37:26","slug":"tp-link-ac1200-archer-vr400","status":"publish","type":"product","link":"https:\/\/fbc-dz.com\/ar\/product\/tp-link-ac1200-archer-vr400\/","title":{"rendered":"tp-link AC1200 Archer VR400"},"content":{"rendered":"","protected":false},"excerpt":{"rendered":"<ul>\n<li><b>WiFi rapide<\/b>\u00a0\u2013 D\u00e9couvrez de superbes connexions sans fil avec un Wi-Fi bi-bande de 867 Mbps (5 GHz) + 300 Mbps (2,4 GHz)<\/li>\n<li><b>Port\u00e9e sup\u00e9rieure<\/b>\u00a0&#8211; Deux antennes omnidirectionnelles fixes avec technologie Beamforming fournissent des connexions sans fil stables et une couverture optimale<\/li>\n<li><b>Connectivit\u00e9 polyvalente<\/b>\u00a0&#8211; Enti\u00e8rement compatible avec les normes VDSL2\/ADSL2+\/ADSL2\/ADSL, ainsi qu&rsquo;avec les services Internet fibre, c\u00e2ble et 3G\/4G<\/li>\n<li><b>Couverture de toute la maison avec OneMesh\u00a0<sup>TM<\/sup>\u00a0<\/b>&#8211; Fonctionne avec les produits TP-Link OneMesh\u00a0<sup>TM<\/sup>\u00a0pour cr\u00e9er un r\u00e9seau maill\u00e9 flexible<\/li>\n<li><b>Technologie MU-MIMO<\/b>\u00a0\u2013 Transf\u00e8re simultan\u00e9ment les donn\u00e9es vers plusieurs appareils, r\u00e9duisant ainsi les temps d&rsquo;attente<\/li>\n<li><b>Ports Gigabit complets<\/b>\u00a0&#8211; Profitez pleinement des vitesses haut d\u00e9bit jusqu&rsquo;\u00e0 1 Gbit\/s<\/li>\n<li><b>Application Tether<\/b>\u00a0&#8211; TP-Link Tether offre le moyen le plus simple d&rsquo;acc\u00e9der et de g\u00e9rer votre routeur sur vos appareils iOS et Android<\/li>\n<\/ul>","protected":false},"featured_media":1868,"template":"","meta":[],"product_cat":[85,19],"product_tag":[],"acf":[],"_links":{"self":[{"href":"https:\/\/fbc-dz.com\/ar\/wp-json\/wp\/v2\/product\/1867"}],"collection":[{"href":"https:\/\/fbc-dz.com\/ar\/wp-json\/wp\/v2\/product"}],"about":[{"href":"https:\/\/fbc-dz.com\/ar\/wp-json\/wp\/v2\/types\/product"}],"wp:featuredmedia":[{"embeddable":true,"href":"https:\/\/fbc-dz.com\/ar\/wp-json\/wp\/v2\/media\/1868"}],"wp:attachment":[{"href":"https:\/\/fbc-dz.com\/ar\/wp-json\/wp\/v2\/media?parent=1867"}],"wp:term":[{"taxonomy":"product_cat","embeddable":true,"href":"https:\/\/fbc-dz.com\/ar\/wp-json\/wp\/v2\/product_cat?post=1867"},{"taxonomy":"product_tag","embeddable":true,"href":"https:\/\/fbc-dz.com\/ar\/wp-json\/wp\/v2\/product_tag?post=1867"}],"curies":[{"name":"wp","href":"https:\/\/api.w.org\/{rel}","templated":true}]}}