{"id":1875,"date":"2025-02-16T10:09:10","date_gmt":"2025-02-16T10:09:10","guid":{"rendered":"https:\/\/fbc-dz.com\/?post_type=product&#038;p=1875"},"modified":"2025-02-16T10:09:10","modified_gmt":"2025-02-16T10:09:10","slug":"panasonic-kx-ts500mx","status":"publish","type":"product","link":"https:\/\/fbc-dz.com\/ar\/product\/panasonic-kx-ts500mx\/","title":{"rendered":"PANASONIC KX-TS500MX"},"content":{"rendered":"","protected":false},"excerpt":{"rendered":"<ul>\n<li>T\u00e9l\u00e9phone KX-TS500MX avec 2-\u00e9tape de contr\u00f4le de volume de la sonnerie<\/li>\n<li>Contr\u00f4le du volume du combin\u00e9 \u00e9lectronique (4 \u00e9tapes)<\/li>\n<li>Pas de plomb, de mercure et d\u2019autres produits chimiques nocifs sont utilis\u00e9s<\/li>\n<li>Mural<\/li>\n<li>S\u00e9lection de pause \/ tonalit\u00e9 s\u00e9lectionnable<\/li>\n<li>Recomposition \u00e0 une touche<\/li>\n<\/ul>","protected":false},"featured_media":1876,"template":"","meta":[],"product_cat":[85,19],"product_tag":[],"acf":[],"_links":{"self":[{"href":"https:\/\/fbc-dz.com\/ar\/wp-json\/wp\/v2\/product\/1875"}],"collection":[{"href":"https:\/\/fbc-dz.com\/ar\/wp-json\/wp\/v2\/product"}],"about":[{"href":"https:\/\/fbc-dz.com\/ar\/wp-json\/wp\/v2\/types\/product"}],"wp:featuredmedia":[{"embeddable":true,"href":"https:\/\/fbc-dz.com\/ar\/wp-json\/wp\/v2\/media\/1876"}],"wp:attachment":[{"href":"https:\/\/fbc-dz.com\/ar\/wp-json\/wp\/v2\/media?parent=1875"}],"wp:term":[{"taxonomy":"product_cat","embeddable":true,"href":"https:\/\/fbc-dz.com\/ar\/wp-json\/wp\/v2\/product_cat?post=1875"},{"taxonomy":"product_tag","embeddable":true,"href":"https:\/\/fbc-dz.com\/ar\/wp-json\/wp\/v2\/product_tag?post=1875"}],"curies":[{"name":"wp","href":"https:\/\/api.w.org\/{rel}","templated":true}]}}